{"id":29,"date":"2016-06-30T14:05:50","date_gmt":"2016-06-30T12:05:50","guid":{"rendered":"http:\/\/etienne-viard.com\/?page_id=29"},"modified":"2018-05-14T17:11:41","modified_gmt":"2018-05-14T15:11:41","slug":"presse-etienne-viard-sculptures","status":"publish","type":"page","link":"https:\/\/etienne-viard.com\/en\/presse-etienne-viard-sculptures\/","title":{"rendered":"Press"},"content":{"rendered":"<p><em>Avril 2018<br \/>\n<\/em><\/p>\n<h3><span style=\"color: #800000;\">Sciences &amp; art contemporain<\/span><br \/>\n<span style=\"color: #800000;\"> IN \u2013 MH \u2013 OUT \u2013 OFF Alain Cardenas-Castro \/ Christophe Comentale<\/span><\/h3>\n<p><a href=\"http:\/\/alaincardenas.com\/blog\/compte-rendu\/etienne-viard-le-sculpteur-aux-feuilles-tiges-et-paves-dacier\/#more-1608\" target=\"_blank\" rel=\"noopener\"><img loading=\"lazy\" decoding=\"async\" class=\"alignnone size-full wp-image-552\" src=\"http:\/\/etienne-viard.com\/wp-content\/uploads\/2018\/05\/Capture-d\u2019e\u0301cran-2018-05-14-a\u0300-17.06.07.png\" alt=\"\" width=\"626\" height=\"719\" srcset=\"https:\/\/etienne-viard.com\/wp-content\/uploads\/2018\/05\/Capture-d\u2019e\u0301cran-2018-05-14-a\u0300-17.06.07.png 626w, https:\/\/etienne-viard.com\/wp-content\/uploads\/2018\/05\/Capture-d\u2019e\u0301cran-2018-05-14-a\u0300-17.06.07-261x300.png 261w, https:\/\/etienne-viard.com\/wp-content\/uploads\/2018\/05\/Capture-d\u2019e\u0301cran-2018-05-14-a\u0300-17.06.07-600x689.png 600w\" sizes=\"auto, (max-width: 626px) 100vw, 626px\" \/><br \/>\n&gt; Lire la suite sur www.alaincardenas.com<\/a><\/p>\n<p>&nbsp;<\/p>\n<hr>\n<p>&nbsp;<\/p>\n<p><em>July &#8211; August 2017<br \/>\n<a href=\"http:\/\/etienne-viard.com\/wp-content\/uploads\/2016\/06\/logo_connaissance_des_arts.png\"><img loading=\"lazy\" decoding=\"async\" class=\"alignnone size-full wp-image-282\" src=\"http:\/\/etienne-viard.com\/wp-content\/uploads\/2016\/06\/logo_connaissance_des_arts.png\" alt=\"logo_connaissance_des_arts\" width=\"136\" height=\"52\"><\/a><br \/>\n<a href=\"http:\/\/etienne-viard.com\/wp-content\/uploads\/2016\/06\/connaissance_des_Arts.jpg\"><img loading=\"lazy\" decoding=\"async\" class=\"alignnone size-full wp-image-488\" src=\"http:\/\/etienne-viard.com\/wp-content\/uploads\/2016\/06\/connaissance_des_Arts.jpg\" alt=\"connaissance_des_Arts\" width=\"1500\" height=\"1097\" srcset=\"https:\/\/etienne-viard.com\/wp-content\/uploads\/2016\/06\/connaissance_des_Arts.jpg 1500w, https:\/\/etienne-viard.com\/wp-content\/uploads\/2016\/06\/connaissance_des_Arts-300x219.jpg 300w, https:\/\/etienne-viard.com\/wp-content\/uploads\/2016\/06\/connaissance_des_Arts-768x562.jpg 768w, https:\/\/etienne-viard.com\/wp-content\/uploads\/2016\/06\/connaissance_des_Arts-1024x749.jpg 1024w, https:\/\/etienne-viard.com\/wp-content\/uploads\/2016\/06\/connaissance_des_Arts-600x439.jpg 600w\" sizes=\"auto, (max-width: 1500px) 100vw, 1500px\" \/><\/a><br \/>\n<\/em><\/p>\n<hr>\n<p><em>&nbsp;July,&nbsp;7 &#8211; 8 &#8211; 2017<br \/>\n<a href=\"http:\/\/etienne-viard.com\/wp-content\/uploads\/2016\/06\/Madame_figaro.jpg\"><img loading=\"lazy\" decoding=\"async\" class=\"alignnone size-full wp-image-485\" src=\"http:\/\/etienne-viard.com\/wp-content\/uploads\/2016\/06\/Madame_figaro.jpg\" alt=\"Madame_figaro\" width=\"200\" height=\"75\"><\/a><br \/>\n<a href=\"http:\/\/etienne-viard.com\/wp-content\/uploads\/2016\/06\/Figaro_Madame.jpg\"><img loading=\"lazy\" decoding=\"async\" class=\"alignnone size-full wp-image-486\" src=\"http:\/\/etienne-viard.com\/wp-content\/uploads\/2016\/06\/Figaro_Madame.jpg\" alt=\"Figaro_Madame\" width=\"1500\" height=\"2054\" srcset=\"https:\/\/etienne-viard.com\/wp-content\/uploads\/2016\/06\/Figaro_Madame.jpg 1500w, https:\/\/etienne-viard.com\/wp-content\/uploads\/2016\/06\/Figaro_Madame-219x300.jpg 219w, https:\/\/etienne-viard.com\/wp-content\/uploads\/2016\/06\/Figaro_Madame-768x1052.jpg 768w, https:\/\/etienne-viard.com\/wp-content\/uploads\/2016\/06\/Figaro_Madame-748x1024.jpg 748w, https:\/\/etienne-viard.com\/wp-content\/uploads\/2016\/06\/Figaro_Madame-600x822.jpg 600w\" sizes=\"auto, (max-width: 1500px) 100vw, 1500px\" \/><\/a><br \/>\n<\/em><\/p>\n<hr>\n<p><em>February&nbsp; 2017<\/em><br \/>\n<img loading=\"lazy\" decoding=\"async\" class=\"alignnone size-full wp-image-455\" src=\"http:\/\/etienne-viard.com\/wp-content\/uploads\/2016\/06\/logo_LLB.jpg\" alt=\"logo_LLB\" width=\"136\" height=\"52\"><\/p>\n<p><a href=\"http:\/\/etienne-viard.com\/wp-content\/uploads\/2016\/06\/couv_La_libre_Belgique.jpg\"><img loading=\"lazy\" decoding=\"async\" class=\"alignnone size-full wp-image-458\" src=\"http:\/\/etienne-viard.com\/wp-content\/uploads\/2016\/06\/couv_La_libre_Belgique.jpg\" alt=\"couv_La_libre_Belgique\" width=\"1402\" height=\"2257\" srcset=\"https:\/\/etienne-viard.com\/wp-content\/uploads\/2016\/06\/couv_La_libre_Belgique.jpg 1402w, https:\/\/etienne-viard.com\/wp-content\/uploads\/2016\/06\/couv_La_libre_Belgique-186x300.jpg 186w, https:\/\/etienne-viard.com\/wp-content\/uploads\/2016\/06\/couv_La_libre_Belgique-768x1236.jpg 768w, https:\/\/etienne-viard.com\/wp-content\/uploads\/2016\/06\/couv_La_libre_Belgique-636x1024.jpg 636w, https:\/\/etienne-viard.com\/wp-content\/uploads\/2016\/06\/couv_La_libre_Belgique-600x966.jpg 600w\" sizes=\"auto, (max-width: 1402px) 100vw, 1402px\" \/><\/a><\/p>\n<p><a href=\"http:\/\/etienne-viard.com\/wp-content\/uploads\/2016\/06\/article_La_libre_Belgique_Etienne_Viard.jpg\"><img loading=\"lazy\" decoding=\"async\" class=\"alignnone size-full wp-image-457\" src=\"http:\/\/etienne-viard.com\/wp-content\/uploads\/2016\/06\/article_La_libre_Belgique_Etienne_Viard.jpg\" alt=\"article_La_libre_Belgique_Etienne_Viard\" width=\"1231\" height=\"1074\" srcset=\"https:\/\/etienne-viard.com\/wp-content\/uploads\/2016\/06\/article_La_libre_Belgique_Etienne_Viard.jpg 1231w, https:\/\/etienne-viard.com\/wp-content\/uploads\/2016\/06\/article_La_libre_Belgique_Etienne_Viard-300x262.jpg 300w, https:\/\/etienne-viard.com\/wp-content\/uploads\/2016\/06\/article_La_libre_Belgique_Etienne_Viard-768x670.jpg 768w, https:\/\/etienne-viard.com\/wp-content\/uploads\/2016\/06\/article_La_libre_Belgique_Etienne_Viard-1024x893.jpg 1024w, https:\/\/etienne-viard.com\/wp-content\/uploads\/2016\/06\/article_La_libre_Belgique_Etienne_Viard-600x523.jpg 600w\" sizes=\"auto, (max-width: 1231px) 100vw, 1231px\" \/><\/a><\/p>\n<div class=\"entry-intro\">\n<hr>\n<p><em>April, 12 &#8211; 2016<\/em><\/p>\n<p><img loading=\"lazy\" decoding=\"async\" class=\"alignnone size-full wp-image-282\" src=\"http:\/\/etienne-viard.com\/wp-content\/uploads\/2016\/06\/logo_connaissance_des_arts.png\" alt=\"logo_connaissance_des_arts\" width=\"136\" height=\"52\"><\/p>\n<p><strong>La galerie Berthet-Aittouar\u00e8s pr\u00e9sente jusqu\u2019au 7&nbsp;mai les nouvelles \u0153uvres d\u2019\u00c9tienne Viard, sculpteur d\u00e9fiant l\u2019\u00e9quilibre.<\/strong><\/p>\n<\/div>\n<p>D\u2019abord form\u00e9 comme c\u00e9ramiste, \u00c9tienne Viard \u00e9labore \u00e0 pr\u00e9sent ses \u0153uvres \u00e0 partir d\u2019un mat\u00e9riau plus dur, plus r\u00e9sistant\u2009: l\u2019acier. En barre ou en feuilles, la mati\u00e8re est d\u00e9coup\u00e9e puis model\u00e9e \u00e0 froid par le sculpteur qui travaille la tension du m\u00e9tal jusqu\u2019\u00e0 sa limite puis cr\u00e9e des formes qu\u2019il classe par \u00ab&nbsp;familles&nbsp;\u00bb\u2009: for\u00eats, profil\u00e9s, lames\u2026 Ces formes r\u00e9currentes sont ensuite assembl\u00e9es dans des compositions toujours plus audacieuses, comme un d\u00e9fi constant \u00e0 Newton et sa loi de la gravitation. S\u2019appuyant auparavant sur des dessins pr\u00e9paratoires, l\u2019artiste imagine \u00e0 pr\u00e9sent ses sculptures \u00e0 partir de maquettes, pour mieux appr\u00e9hender la place et l\u2019\u00e9quilibre de ses \u0153uvres dans l\u2019espace\u2009: \u00ab&nbsp;<em>Je fais tr\u00e8s vite et tr\u00e8s mal. Ma sculpture s\u2019\u00e9labore sur ces morceaux d\u2019impatience que je cherche \u00e0 sauvegarder le plus intens\u00e9ment sans statufier ce premier jet<\/em>&nbsp;\u00bb. Car si les \u0153uvres refusent de se plier aux lois connues de la physique, elles ne sont pas pour autant fig\u00e9es mais sont l\u2019\u00e9vocation perp\u00e9tuelle d\u2019un basculement. L\u2019illusion de cet \u00e9quilibre est minutieusement \u00e9tudi\u00e9e\u2009: \u00ab<em>&nbsp;Le lien vient d\u2019une articulation qui ne se voit pas, d\u2019une soudure que je veux discr\u00e8te, et qui retient l\u2019ensemble<\/em>&nbsp;\u00bb. C\u2019est l\u00e0 toute la force des cr\u00e9ations d\u2019\u00c9tienne Viard, qui questionnent notre&nbsp;sens de l\u2019observation et nient notre empirisme, en retardant ind\u00e9finiment l\u2019instant de la chute.<\/p>\n<p><a href=\"https:\/\/www.connaissancedesarts.com\/art-contemporain\/etienne-viard-defie-lequilibre-a-la-galerie-berthet-aittouares-1141023\/\" target=\"_blank\" rel=\"noopener\">Lire l\u2019article sur connaissance des arts<\/a><\/p>\n<hr>\n<p><\/p>","protected":false},"excerpt":{"rendered":"<p>Avril 2018 Sciences &amp; art contemporain IN \u2013 MH \u2013 OUT \u2013 OFF Alain Cardenas-Castro \/ Christophe Comentale &gt; Lire la suite sur www.alaincardenas.com &nbsp; &nbsp; July &#8211; August 2017 &nbsp;July,&nbsp;7 &#8211; 8 &#8211; 2017 February&nbsp; 2017 April, 12 &#8211;<\/p>\n","protected":false},"author":1,"featured_media":0,"parent":0,"menu_order":0,"comment_status":"closed","ping_status":"closed","template":"","meta":{"ngg_post_thumbnail":0,"footnotes":""},"class_list":["post-29","page","type-page","status-publish","hentry"],"_links":{"self":[{"href":"https:\/\/etienne-viard.com\/en\/wp-json\/wp\/v2\/pages\/29","targetHints":{"allow":["GET"]}}],"collection":[{"href":"https:\/\/etienne-viard.com\/en\/wp-json\/wp\/v2\/pages"}],"about":[{"href":"https:\/\/etienne-viard.com\/en\/wp-json\/wp\/v2\/types\/page"}],"author":[{"embeddable":true,"href":"https:\/\/etienne-viard.com\/en\/wp-json\/wp\/v2\/users\/1"}],"replies":[{"embeddable":true,"href":"https:\/\/etienne-viard.com\/en\/wp-json\/wp\/v2\/comments?post=29"}],"version-history":[{"count":19,"href":"https:\/\/etienne-viard.com\/en\/wp-json\/wp\/v2\/pages\/29\/revisions"}],"predecessor-version":[{"id":558,"href":"https:\/\/etienne-viard.com\/en\/wp-json\/wp\/v2\/pages\/29\/revisions\/558"}],"wp:attachment":[{"href":"https:\/\/etienne-viard.com\/en\/wp-json\/wp\/v2\/media?parent=29"}],"curies":[{"name":"wp","href":"https:\/\/api.w.org\/{rel}","templated":true}]}}