{"id":39,"date":"2016-06-30T14:23:02","date_gmt":"2016-06-30T12:23:02","guid":{"rendered":"http:\/\/etienne-viard.com\/?page_id=39"},"modified":"2025-10-29T18:27:00","modified_gmt":"2025-10-29T17:27:00","slug":"expositions-parcours-etienne-viard","status":"publish","type":"page","link":"https:\/\/etienne-viard.com\/en\/expositions-parcours-etienne-viard\/","title":{"rendered":"Exhibitions"},"content":{"rendered":"<p><\/p>\n<h2><strong>PERSONAL EXHIBITIONS<\/strong><\/h2>\n<div><strong>2025<\/strong><br \/>\nGalerie Berthet Aittouar\u00e8s, &#8220;Les limites du possible&#8221;<\/div>\n<div>&nbsp;<\/div>\n<div><strong>2022<\/strong><br \/>\nCh\u00e2teau des Alpilles, Saint-Remy-de-Provence<br \/>\nCh\u00e2teau de Th\u00e9zan, Saint-Didier&nbsp;<\/p>\n<\/div>\n<div><strong>2021<\/strong><br \/>\nGalerie Berthet Aittouar\u00e8s, Paris &#8211; France<strong>2021&nbsp;<br \/>\n<\/strong>Galerie Faider, Bruxelles &#8211; Belgique<\/p>\n<\/div>\n<p><strong>2019<br \/>\n<\/strong>Galerie Faider, Bruxelles &#8211; Belgique<\/p>\n<p><strong>2018<br \/>\n<\/strong>Galerie Pascal Lain\u00e9<br \/>\nParcours de sculptures M\u00e9nerbes 84<br \/>\n<strong><br \/>\n2017<br \/>\n<\/strong>Ch\u00e2teau Sainte-Roseline<strong> &#8211; <\/strong>Les Arcs sur Argens &#8211; France<strong><br \/>\n<\/strong><\/p>\n<p><strong>2016<\/strong><br \/>\nGalerie Berthet Aittouar\u00e8s, Paris &#8211; France<br \/>\nParcours de sculptures, M\u00e9nerbes &#8211; France<br \/>\nGalerie Pascal Lain\u00e9, M\u00e9nerbes &#8211; France<\/p>\n<p><strong>2015<\/strong><br \/>\nGrand H\u00f4tel Four Seasons, Saint-Jean-Cap-Ferrat &#8211; France<br \/>\nGalerie Inside Out, Saint R\u00e9my de Provence &#8211; France<\/p>\n<p><strong>2014<\/strong><br \/>\nGalerie Le Soleil sur la Place, Lyon &#8211; France<\/p>\n<p><strong> 2013<\/strong><br \/>\nThe Piper Gallery, Londres &#8211; Angleterre<\/p>\n<p><strong>2012<\/strong><br \/>\nCloi\u0302tre Chapelle Saint-Charles, Avignon &#8211; France <em>(neuf sculptures monumentales)<\/em><\/p>\n<p><strong> 2011<\/strong><br \/>\nFe\u0302te des Lumi\u00e8res, Lyon &#8211; France <em>(avec la Galerie Caroline Vachet six sculptures monumentales)<\/em><\/p>\n<p><strong>2010<\/strong><br \/>\nFondation Pierre Salinger, Le Thor &#8211; France<br \/>\nSculptures Monumentales galerie caroline vachet, Lyon &#8211; France<\/p>\n<p><strong> 2007<\/strong><br \/>\nGalerie Berthet Aittouar\u00e8s, Paris &#8211; France<\/p>\n<p><strong> 2006<\/strong><br \/>\nGalerie BC2, Luxembourg<\/p>\n<p><strong> 2005<\/strong><br \/>\nGalerie Avant Garden, New-York-USA<\/p>\n<p><strong> 2004<\/strong><br \/>\nGalerie Avant Garden, New-York-USA<\/p>\n<p><strong> 2003<\/strong><br \/>\nCit\u00e9 Radieuse, Le Corbusier, Marseille -France<br \/>\nEspace Gaillane, Avignon &#8211; France<\/p>\n<p><strong>2000<\/strong><br \/>\nGalerie Modus, Berlin &#8211; Allemagne<\/p>\n<p><strong> 1997<\/strong><br \/>\nGalerie Annie Lagier, L\u2019Isle sur Sorgue &#8211; France<\/p>\n<p><strong>1994<\/strong><br \/>\nGalerie Annie Lagier, L\u2019Isle sur Sorgue &#8211; France<\/p>\n<p><strong>1992<\/strong><br \/>\nGalerie Vera Van Lear, Knokke &#8211; Belgique<br \/>\nGalerie Annie Lagier, L\u2019Isle sur Sorgue &#8211; France<\/p>\n<p><strong> 1991<\/strong><br \/>\nGalerie Witte Beer, Bruges &#8211; Belgique<\/p>\n<h2><strong>GROUP EXHIBITIONS<\/strong><\/h2>\n<p><strong>2025<br \/>\n<\/strong>Galerie Podgorny &#8211; Saint-Paul-de-Vence<\/p>\n<p><strong>2024<br \/>\n<\/strong>Galerie Faider &#8211; Bruxelles<br \/>\nAbstract Group Show<br \/>\nArt Miami<br \/>\n<strong><br \/>\n2021 <\/strong><br \/>\nGalerie Berthet Aittouar\u00e8s &#8211; Paris<br \/>\nGalerie Berthet Aittouar\u00e8s &#8211; Saint-Tropez<br \/>\nGalerie Pascal Lain\u00e9<br \/>\nGalerie Vachet Delmas<br \/>\nEcho Fine Art Saint-Tropez<\/p>\n<p><strong>2020<br \/>\n<\/strong>Galerie Berthet Aittouar\u00e8s, Paris &#8211; France<br \/>\nGalerie Pascal Lain\u00e9, M\u00e9nerbes &#8211; France<br \/>\nGalerie Vachet Delmas &#8211; Sauve &#8211; France<\/p>\n<p><strong>2019<br \/>\n<\/strong>Galerie Faider, Bruxelles &#8211; Belgique<br \/>\nGalerie Berthet Aittouar\u00e8s, Paris &#8211; France<br \/>\nGalerie Pascal Lain\u00e9, M\u00e9nerbes &#8211; France<br \/>\nGalerie Leu Munich Allemagne<br \/>\nGalerie Espace Muraille \u00e0 Gen\u00e8ve &#8211; Suisse<\/p>\n<p><strong>2018<br \/>\n<\/strong>Mus\u00e9e de Dunhuang Chine<br \/>\nMus\u00e9e de Changliu, Taoyuan, Taiwan<br \/>\nGalerie Mediart Luxembourg<br \/>\nGalerie Leu Munich Allemagne<\/p>\n<p><strong>2017<br \/>\n<\/strong>Galerie Faider, Bruxelles &#8211; Belgique<\/p>\n<p><strong>2016<\/strong><br \/>\nGolf des Baux de Provence &#8211; France<br \/>\nFondation Salinger, Le Thor &#8211; France<br \/>\nGalerie Berthet Aittouar\u00e8s, Paris &#8211; France<br \/>\nGalerie Faider, Bruxelles &#8211; Belgique<br \/>\nOpiom Gallery, Opio &#8211; France<br \/>\nWinsor Gallery, Vancouver &#8211; Canada<br \/>\nGalerie Le Soleil sur la Place, Lyon &#8211; France<\/p>\n<p><strong>2015<\/strong><br \/>\nFondation Salinger, Le Thor &#8211; France<br \/>\nAbsolute Art Gallery, Knokke &#8211; Belgique<br \/>\nMark Peet Visser Galery, Hertogenbosch- Hollande<br \/>\nOpiom Gallery, Opio &#8211; France<br \/>\nWinsor Gallery, Vancouver &#8211; Canada<br \/>\nGalerie le Soleil sur la Place, Lyon &#8211; France<\/p>\n<p><strong>2014<\/strong><br \/>\nGalerie InsideOut, Saint Remy de Provence -France<br \/>\nWinsor Gallery, Vancouver &#8211; Canada<br \/>\nGalerie Le Soleil sur la Place, Lyon &#8211; France<\/p>\n<p><strong>2013<\/strong><br \/>\nThe Winsor Gallery, Vancouver &#8211; Canada<\/p>\n<p><strong>2012<\/strong><br \/>\nGalerie Pascal Lain\u00e9 avec Pierre Alechinsky, M\u00e9nerbes &#8211; France<\/p>\n<p><strong>2011<\/strong><br \/>\nArt Paris, Galerie Berthet-Aittouar\u00e8s, dialogue avec les peintures de Jean Degottex<br \/>\nOrangerie du Se\u0301nat, Paris -France<\/p>\n<p><strong>2010<\/strong><br \/>\nGrand Th\u00e9\u00e2tre d\u2019Angers, Angers -France<\/p>\n<p><strong>2009<\/strong><br \/>\nGalerie Doyen, Vannes &#8211; France<br \/>\nTriptyque, Angers -France<br \/>\nPlace St Sulpice, Paris \u2013 France<\/p>\n<p><strong>2008<\/strong><br \/>\nGalerie Doyen, Vannes-France<\/p>\n<p><strong>2006<\/strong><br \/>\nTriptyque, Angers \u2013France<\/p>\n<p><strong>2003<\/strong><br \/>\nGalerie BC2, Luxembourg<\/p>\n<p><strong>2002<\/strong><br \/>\nCh\u00e2teau de l\u2019Emperie, Salon de Provence &#8211; France<br \/>\nParcours de l\u2019art, Avignon &#8211; France<\/p>\n<p><strong>2001<\/strong><br \/>\nCheminement de sculptures, Gigondas &#8211; France<\/p>\n<p><strong>2000<\/strong><br \/>\nGalerie Martagon, Malauc\u00e8ne -France<\/p>\n<p><strong>1999<\/strong><br \/>\nGalerie Annie Lagier, L\u2019Isle sur Sorgue &#8211; France<\/p>\n<p><strong>1995<\/strong><br \/>\nCIAC, Strasbourg &#8211; France<\/p>\n<p><strong>1994<\/strong><br \/>\nTutesall &#8220;Matie\u0300re et Me\u0301moire&#8221;, Luxembourg<\/p>\n<p><strong>1993<\/strong><br \/>\nGalerie Vera Van Lear, Knokke &#8211; Belgique<\/p>\n<p><strong>1992<\/strong><br \/>\nGalerie de la cite, Luxembourg<\/p>\n<p><strong>1991<\/strong><br \/>\nGalerie Vera Van Lear, Knokke &#8211; Belgique<\/p>\n<p>&nbsp;<\/p>\n<h2><strong>FAIRS<\/strong><\/h2>\n<p><strong>2019<\/strong><br \/>\nBRAFA Bruxelles Belgique<br \/>\nAvec la Galerie Berthet Aittouar\u00e8s &#8211; France<\/p>\n<p><strong>2019<br \/>\n<\/strong>Art Paris du 3 au 7 avril 2019 &#8211;&nbsp; pr\u00e9sent\u00e9 par la Galerie Berthet Aittouares&nbsp; France<\/p>\n<p><strong>2016<\/strong><br \/>\nBRAFA Bruxelles Belgique Galerie Berthet Aittouar\u00e8s &#8211; France<\/p>\n<p><strong>2015<\/strong><br \/>\n\u2022 BRAFA Bruxelles Belgique Galerie Berthet Aittouar\u00e8s &#8211; France<br \/>\n\u2022 ART PARIS 15 GRAND PALAIS &#8211; Galerie Berthet Aittouar\u00e8s &#8211; France<\/p>\n<p><strong>2014<\/strong><br \/>\nART PARIS 14 GRAND PALAIS &#8211; Galerie Berthet Aittouar\u00e8s, Paris &#8211; France<\/p>\n<p><strong>2013<\/strong><br \/>\nART PARIS 13 GRAND PALAIS &#8211; Galerie Berthet-Aittouar\u00e8s, Paris &#8211; France<\/p>\n<p><strong>2012<\/strong><br \/>\nART PARIS 12 GRAND PALAIS &#8211; Galerie Berthet-Aittouar\u00e8s, Paris &#8211; France<\/p>\n<p><strong>2011<\/strong><br \/>\nART PARIS 11 GRAND PALAIS -Galerie Berthet-Aittouar\u00e8s, Paris &#8211; France<\/p>\n<p><strong>2010<\/strong><br \/>\nART PARIS 10 GRAND PALAIS-Galerie Berthet Aittouar\u00e8s, Paris-France LES ELYSEES DE L&#8217;ART \u2013 Galerie Berthet Aittouar\u00e8s, Paris &#8211; France<\/p>\n<p><strong>2009<\/strong><br \/>\nART PARIS 09 GRAND PALAIS- Galerie Berthet Aittouar\u00e8s, Paris-France LES ELYSEES DE L\u2019ART &#8211; Galerie Berthet Aittouar\u00e8s, Paris &#8211; France<\/p>\n<p><strong>2008<\/strong><br \/>\nART PARIS 08 GRAND PALAIS -Galerie Berthet Aittouar\u00e8s, Paris-France LES ELYSEES DE L\u2019ART- Galerie Berthet Aittouar\u00e8s, Paris &#8211; France<\/p>\n<p><strong>2007<\/strong><br \/>\nART PARIS 07 GRAND PALAIS- Galerie Berthet Aittouar\u00e8s, Paris &#8211; France<\/p>\n<p><strong> 2006<\/strong><br \/>\n\u2022 ART PARIS 06 GRAND PALAIS- Galerie Berthet Aittouar\u00e8s, Paris &#8211; France<br \/>\n\u2022 ART PARIS parcours sculpture, GRAND PALAIS,- Galerie Berthet Aittouar\u00e8s, Paris &#8211; France<\/p>\n<p><strong>2005<\/strong><br \/>\nART PARIS 05 GRAND PALAIS- Galerie Berthet Aittouar\u00e8s, Paris &#8211; France<\/p>\n<p>&nbsp;<\/p>\n<h2><strong>PUBLIC ORDER<\/strong><\/h2>\n<p><strong>2009<\/strong><br \/>\nLyc\u00e9e de Saint-Astier &#8211; Dordogne &#8211; France<\/p>\n<p>&nbsp;<\/p>\n<h2><strong>PRIVATE COLLECTIONS MONUMENTAL SCULPTURES<br \/>\n<\/strong><\/h2>\n<p>\u2022 Vancouver &#8211; Canada<br \/>\n\u2022 Sun Valley &#8211; USA<br \/>\n\u2022 New-York &#8211; USA<br \/>\n\u2022 Pounde Ridge NY &#8211; USA<br \/>\n\u2022 Lugano &#8211; Suisse<br \/>\n\u2022 Meppen &#8211; Allemagne<br \/>\n\u2022 Rotterdam &#8211; Hollande<br \/>\n\u2022 Anvers &#8211; Belgique<br \/>\n\u2022 Nuremberg &#8211; Allemagne<br \/>\n\u2022 France<\/p>\n<h2><strong>ANNUAL EXHIBITIONS<\/strong><\/h2>\n<p>\u2022 Art Miami<br \/>\n\u2022 BRAFA Bruxelles<\/p>","protected":false},"excerpt":{"rendered":"<p>PERSONAL EXHIBITIONS 2025 Galerie Berthet Aittouar\u00e8s, &#8220;Les limites du possible&#8221; &nbsp; 2022 Ch\u00e2teau des Alpilles, Saint-Remy-de-Provence Ch\u00e2teau de Th\u00e9zan, Saint-Didier&nbsp; 2021 Galerie Berthet Aittouar\u00e8s, Paris &#8211; France2021&nbsp; Galerie Faider, Bruxelles &#8211; Belgique 2019 Galerie Faider, Bruxelles &#8211; Belgique 2018 Galerie<\/p>\n","protected":false},"author":1,"featured_media":0,"parent":0,"menu_order":0,"comment_status":"closed","ping_status":"closed","template":"","meta":{"ngg_post_thumbnail":0,"footnotes":""},"class_list":["post-39","page","type-page","status-publish","hentry"],"_links":{"self":[{"href":"https:\/\/etienne-viard.com\/en\/wp-json\/wp\/v2\/pages\/39","targetHints":{"allow":["GET"]}}],"collection":[{"href":"https:\/\/etienne-viard.com\/en\/wp-json\/wp\/v2\/pages"}],"about":[{"href":"https:\/\/etienne-viard.com\/en\/wp-json\/wp\/v2\/types\/page"}],"author":[{"embeddable":true,"href":"https:\/\/etienne-viard.com\/en\/wp-json\/wp\/v2\/users\/1"}],"replies":[{"embeddable":true,"href":"https:\/\/etienne-viard.com\/en\/wp-json\/wp\/v2\/comments?post=39"}],"version-history":[{"count":30,"href":"https:\/\/etienne-viard.com\/en\/wp-json\/wp\/v2\/pages\/39\/revisions"}],"predecessor-version":[{"id":1053,"href":"https:\/\/etienne-viard.com\/en\/wp-json\/wp\/v2\/pages\/39\/revisions\/1053"}],"wp:attachment":[{"href":"https:\/\/etienne-viard.com\/en\/wp-json\/wp\/v2\/media?parent=39"}],"curies":[{"name":"wp","href":"https:\/\/api.w.org\/{rel}","templated":true}]}}